{"id":2390,"date":"2018-09-11T17:36:48","date_gmt":"2018-09-11T17:36:48","guid":{"rendered":"http:\/\/travel.one.peakteam.co\/?page_id=2390"},"modified":"2025-03-17T16:33:24","modified_gmt":"2025-03-17T15:33:24","slug":"petit-train","status":"publish","type":"page","link":"https:\/\/train-touristique-dieppe.fr\/index.php\/petit-train\/","title":{"rendered":"Le petit train"},"content":{"rendered":"[vc_row css=\u00a0\u00bb.vc_custom_1538079818493{padding-top: 110px !important;padding-bottom: 110px !important;background-color: #f7f7f7 !important;}\u00a0\u00bb][vc_column enable_content_animation=\u00a0\u00bbyes\u00a0\u00bb ca_init_scale_x=\u00a0\u00bb1&Prime; ca_init_scale_y=\u00a0\u00bb1&Prime; ca_init_scale_z=\u00a0\u00bb1&Prime; ca_init_opacity=\u00a0\u00bb0&Prime; ca_an_scale_x=\u00a0\u00bb1&Prime; ca_an_scale_y=\u00a0\u00bb1&Prime; ca_an_scale_z=\u00a0\u00bb1&Prime; ca_an_opacity=\u00a0\u00bb1&Prime; offset=\u00a0\u00bbvc_col-md-5&Prime; ca_duration=\u00a0\u00bb1200&Prime; ca_init_translate_y=\u00a0\u00bb40&Prime; ca_init_translate_z=\u00a0\u00bb-40&Prime; ca_init_rotate_x=\u00a0\u00bb-29&Prime; ca_delay=\u00a0\u00bb150&Prime;]<style>@media (min-width: 992px) { .ld_fancy_heading_6a05c70b18d2d h2 {margin-bottom:0.2em !important;  }  } .ld_fancy_heading_6a05c70b18d2d .lqd-highlight-inner{height:0.275em;bottom:0px;}@media (min-width: 992px) { .ld_fancy_heading_6a05c70b18d2d h2 {margin-bottom:0.2em !important;  }  } <\/style><div class=\"ld-fancy-heading text-uppercase ld_fancy_heading_6a05c70b18d2d\">\n\t<h2 class=\"lqd-highlight-underline lqd-highlight-grow-left\" ><span class=\"ld-fh-txt\"> Le petit train<\/span><\/h2><\/div><style>.ld_fancy_heading_6a05c70b19087 h3{font-size:14px;letter-spacing:0.05em;color:rgb(36, 147, 224);}.ld_fancy_heading_6a05c70b19087 .lqd-highlight-inner{height:0.275em;bottom:0px;}<\/style><div class=\"ld-fancy-heading text-uppercase ld_fancy_heading_6a05c70b19087\">\n\t<h3 class=\"lqd-highlight-underline lqd-highlight-grow-left\" ><span class=\"ld-fh-txt\"> Un tour incontournable de la ville de Dieppe<\/span><\/h3><\/div><style>.ld_spacer_6a05c70b19171{height:28px;}<\/style>\n<div class=\"ld-empty-space ld_spacer_6a05c70b19171\"><span class=\"liquid_empty_space_inner\"><\/span><\/div>[vc_separator color=\u00a0\u00bbcustom\u00a0\u00bb align=\u00a0\u00bbalign_left\u00a0\u00bb el_width=\u00a0\u00bb10&Prime; accent_color=\u00a0\u00bb#ff7a4b\u00a0\u00bb]<style>.ld_fancy_heading_6a05c70b19357 .lqd-highlight-inner{height:0.275em;bottom:0px;}<\/style><div class=\"ld-fancy-heading ld_fancy_heading_6a05c70b19357\">\n\t<p class=\"lqd-highlight-underline lqd-highlight-grow-left\" ><span class=\"ld-fh-txt\"> Au d\u00e9part du <a href=\"https:\/\/goo.gl\/maps\/ZdPHpyY6ddR9NVdx7\">quai Henry IV<\/a>, pr\u00e8s de la fontaine, le petit train touristique fera voyager petits et grands. En 45 minutes environ, il vous emm\u00e8nera au c\u0153ur de la ville de Dieppe mais aussi \u00e0 proximit\u00e9 des lieux incontournables de l&rsquo;agglom\u00e9ration Dieppoise.<\/span><\/p><\/div><style>.ld_spacer_6a05c70b19456{height:40px;}<\/style>\n<div class=\"ld-empty-space ld_spacer_6a05c70b19456\"><span class=\"liquid_empty_space_inner\"><\/span><\/div><style>.ld_spacer_6a05c70b194d2{height:32px;}<\/style>\n<div class=\"ld-empty-space ld_spacer_6a05c70b194d2\"><span class=\"liquid_empty_space_inner\"><\/span><\/div>[\/vc_column][vc_column align=\u00a0\u00bbtext-center\u00a0\u00bb offset=\u00a0\u00bbvc_col-md-offset-1 vc_col-md-6&Prime;]<div id=\"ld_images_group_container_6a05c70b195b9\" class=\"liquid-img-group-container ld_images_group_container_6a05c70b195b9\"  >\n\t<div class=\"liquid-img-group-inner\">\n\t\t<div id=\"ld_images_group_element_6a05c70b1984e\" class=\"liquid-img-group-single ld_images_group_element_6a05c70b1984e\" >\n\t\n\t\t\n\t<div class=\"liquid-img-group-img-container\">\n\t\t\n\t\t\n\t\t\t\t\n\t\t\t\t<div class=\"liquid-img-container-inner\" >\n\t\t\t<figure ><img loading=\"lazy\" decoding=\"async\" width=\"2560\" height=\"1707\" src=\"data:image\/svg+xml;charset=utf-8,&lt;svg xmlns%3D&#039;http%3A%2F%2Fwww.w3.org%2F2000%2Fsvg&#039; viewBox%3D&#039;0 0  &#039;%2F&gt;\" class=\"attachment-full size-full ld-lazyload\" alt=\"\" srcset=\"\" sizes=\"auto, (max-width: 2560px) 100vw, 2560px\" data-src=\"https:\/\/train-touristique-dieppe.fr\/wp-content\/uploads\/2020\/07\/DSC_3485-scaled.jpg\" data-srcset=\"https:\/\/train-touristique-dieppe.fr\/wp-content\/uploads\/2020\/07\/DSC_3485-scaled.jpg 2560w, https:\/\/train-touristique-dieppe.fr\/wp-content\/uploads\/2020\/07\/DSC_3485-300x200.jpg 300w, https:\/\/train-touristique-dieppe.fr\/wp-content\/uploads\/2020\/07\/DSC_3485-1024x683.jpg 1024w, https:\/\/train-touristique-dieppe.fr\/wp-content\/uploads\/2020\/07\/DSC_3485-scaled-600x400.jpg 600w\" data-aspect=\"\" \/><\/figure>\t\t\t\t\t<\/div><!-- \/.liquid-img-container-inner -->\n\t\t\n\t<\/div><!-- \/.liquid-img-group-content -->\n<\/div><!-- \/.liquid-img-group-single -->\n\t\n\t<\/div><!-- \/.liquid-img-group-inner -->\n<\/div><!-- \/.liquid-img-group-container -->[\/vc_column][\/vc_row][vc_row][vc_column][vc_raw_html]JTNDJTIxLS0lMjBGYXJlSGFyYm9yJTIwY2FsZW5kYXIlMjBvZiUyMGl0ZW0lMjAlMjM2MTkwOTklMjAtLSUzRSUwQSUzQ3NjcmlwdCUyMHNyYyUzRCUyMmh0dHBzJTNBJTJGJTJGZmFyZWhhcmJvci5jb20lMkZlbWJlZHMlMkZzY3JpcHQlMkZjYWxlbmRhci1zbWFsbCUyRnRyYWluLXRvdXJpc3RpcXVlLWRpZXBwZSUyRml0ZW1zJTJGNjE5MDk5JTJGJTNGZmFsbGJhY2slM0RzaW1wbGUlMjZmdWxsLWl0ZW1zJTNEeWVzJTI2ZmxvdyUzRDEzNjMzMjklMjIlM0UlM0MlMkZzY3JpcHQlM0U=[\/vc_raw_html]<style>.ld_spacer_6a05c70b1e2b9{height:80px;}<\/style>\n<div class=\"ld-empty-space ld_spacer_6a05c70b1e2b9\"><span class=\"liquid_empty_space_inner\"><\/span><\/div><style>.ld_fancy_heading_6a05c70b1e3d0 .lqd-highlight-inner{height:0.275em;bottom:0px;}<\/style><div class=\"ld-fancy-heading text-center ld_fancy_heading_6a05c70b1e3d0\">\n\t<h3 class=\"lqd-highlight-underline lqd-highlight-grow-left\" ><span class=\"ld-fh-txt\"> Le petit train en images<\/span><\/h3><\/div><style>.ld_spacer_6a05c70b1e49a{height:20px;}<\/style>\n<div class=\"ld-empty-space ld_spacer_6a05c70b1e49a\"><span class=\"liquid_empty_space_inner\"><\/span><\/div><style>.ld_media_6a05c70b1e544{margin-left:-10px;margin-right:-10px;}.ld_media_6a05c70b1e544 > div{padding-left:10px;padding-right:10px;margin-bottom:20px;}.ld_media_6a05c70b1e544 .ld-media-item-overlay{color:rgb(255, 255, 255);}.ld_media_6a05c70b1e544 .ld-media-bg{background:-webkit-linear-gradient(124deg, rgba(255, 101, 48, 0.821) 0.3184713375796178%, rgba(206, 74, 255, 0.832) 99.68152866242038%);background:linear-gradient(124deg, rgba(255, 101, 48, 0.821) 0.3184713375796178%, rgba(206, 74, 255, 0.832) 99.68152866242038%);}<\/style><div id=\"ld_media_6a05c70b1e544\" class=\"ld-media-row row d-flex ld_media_6a05c70b1e544\" data-liquid-masonry=\"true\" data-custom-animations=\"true\" data-ca-options='{\"triggerHandler\":\"inview\",\"animationTarget\":\".ld-media-item\",\"duration\":700,\"delay\":100,\"easing\":\"easeOutQuint\",\"initValues\":{\"scale\":1},\"animations\":{\"scale\":1}}'>\n\t<div id=\"ld_media_element_6a05c70b1e73b\" class=\"vc_col-sm-4 masonry-item text-center align-items-center ld_media_element_6a05c70b1e73b\">\n\n\t<div class=\"ld-media-item \">\n\n\t\t<figure class=\"bg-center-top\" data-responsive-bg=\"true\"><img loading=\"lazy\" decoding=\"async\" width=\"1707\" height=\"2560\" src=\"data:image\/svg+xml;charset=utf-8,&lt;svg xmlns%3D&#039;http%3A%2F%2Fwww.w3.org%2F2000%2Fsvg&#039; viewBox%3D&#039;0 0  &#039;%2F&gt;\" class=\"attachment-full size-full ld-lazyload\" alt=\"\" srcset=\"\" sizes=\"auto, (max-width: 1707px) 100vw, 1707px\" data-src=\"https:\/\/train-touristique-dieppe.fr\/wp-content\/uploads\/2020\/07\/DSC_2825-scaled.jpg\" data-srcset=\"https:\/\/train-touristique-dieppe.fr\/wp-content\/uploads\/2020\/07\/DSC_2825-scaled.jpg 1707w, https:\/\/train-touristique-dieppe.fr\/wp-content\/uploads\/2020\/07\/DSC_2825-200x300.jpg 200w, https:\/\/train-touristique-dieppe.fr\/wp-content\/uploads\/2020\/07\/DSC_2825-683x1024.jpg 683w\" data-aspect=\"\" \/><\/figure>\t\t\n\t\t<div class=\"ld-media-item-overlay d-flex flex-column text-center align-items-center justify-content-center\">\n\n\t\t\t<div class=\"ld-media-bg\"><\/div>\n\n\t\t\t<div class=\"ld-media-content\">\n\t\t\t\t\t\t\t\t<span class=\"ld-media-icon icon-lg\">\n\t\t\t\t\t\t\t<span class=\"ld-media-icon-inner\">\n\t\t\t\t\t\t\t\t<i class=\"icon-ion-ios-add\"><\/i>\n\t\t\t\t\t\t\t<\/span><!-- \/.ld-media-icon-inner -->\n\t\t\t\t\t\t<\/span><!-- \/.media-icon -->\t\t\t<\/div><!-- \/.ld-media-content -->\n\n\t\t<\/div><!-- \/.ld-media-item-overlay -->\n\n\t\t<a  href=\"#\" class=\"liquid-overlay-link\"><\/a>\n\t<\/div><!-- \/.ld-media-item -->\n\n<\/div><!-- \/.col-md-3 -->\n<div id=\"ld_media_element_6a05c70b230c3\" class=\"vc_col-sm-4 masonry-item text-center align-items-center ld_media_element_6a05c70b230c3\">\n\n\t<div class=\"ld-media-item \">\n\n\t\t<figure class=\"bg-center-top\" data-responsive-bg=\"true\"><img loading=\"lazy\" decoding=\"async\" width=\"2560\" height=\"1922\" src=\"data:image\/svg+xml;charset=utf-8,&lt;svg xmlns%3D&#039;http%3A%2F%2Fwww.w3.org%2F2000%2Fsvg&#039; viewBox%3D&#039;0 0  &#039;%2F&gt;\" class=\"attachment-full size-full ld-lazyload\" alt=\"\" srcset=\"\" sizes=\"auto, (max-width: 2560px) 100vw, 2560px\" data-src=\"https:\/\/train-touristique-dieppe.fr\/wp-content\/uploads\/2020\/07\/DSC_3522-scaled.jpg\" data-srcset=\"https:\/\/train-touristique-dieppe.fr\/wp-content\/uploads\/2020\/07\/DSC_3522-scaled.jpg 2560w, https:\/\/train-touristique-dieppe.fr\/wp-content\/uploads\/2020\/07\/DSC_3522-300x225.jpg 300w, https:\/\/train-touristique-dieppe.fr\/wp-content\/uploads\/2020\/07\/DSC_3522-1024x769.jpg 1024w\" data-aspect=\"\" \/><\/figure>\t\t\n\t\t<div class=\"ld-media-item-overlay d-flex flex-column text-center align-items-center justify-content-center\">\n\n\t\t\t<div class=\"ld-media-bg\"><\/div>\n\n\t\t\t<div class=\"ld-media-content\">\n\t\t\t\t\t\t\t\t<span class=\"ld-media-icon icon-lg\">\n\t\t\t\t\t\t\t<span class=\"ld-media-icon-inner\">\n\t\t\t\t\t\t\t\t<i class=\"icon-ion-ios-add\"><\/i>\n\t\t\t\t\t\t\t<\/span><!-- \/.ld-media-icon-inner -->\n\t\t\t\t\t\t<\/span><!-- \/.media-icon -->\t\t\t<\/div><!-- \/.ld-media-content -->\n\n\t\t<\/div><!-- \/.ld-media-item-overlay -->\n\n\t\t<a  href=\"#\" class=\"liquid-overlay-link\"><\/a>\n\t<\/div><!-- \/.ld-media-item -->\n\n<\/div><!-- \/.col-md-3 -->\n<div id=\"ld_media_element_6a05c70b27b08\" class=\"vc_col-sm-4 masonry-item text-center align-items-center ld_media_element_6a05c70b27b08\">\n\n\t<div class=\"ld-media-item \">\n\n\t\t<figure class=\"bg-center-top\" data-responsive-bg=\"true\"><img loading=\"lazy\" decoding=\"async\" width=\"2560\" height=\"1702\" src=\"data:image\/svg+xml;charset=utf-8,&lt;svg xmlns%3D&#039;http%3A%2F%2Fwww.w3.org%2F2000%2Fsvg&#039; viewBox%3D&#039;0 0  &#039;%2F&gt;\" class=\"attachment-full size-full ld-lazyload\" alt=\"\" srcset=\"\" sizes=\"auto, (max-width: 2560px) 100vw, 2560px\" data-src=\"https:\/\/train-touristique-dieppe.fr\/wp-content\/uploads\/2020\/07\/DSC_3081-scaled.jpg\" data-srcset=\"https:\/\/train-touristique-dieppe.fr\/wp-content\/uploads\/2020\/07\/DSC_3081-scaled.jpg 2560w, https:\/\/train-touristique-dieppe.fr\/wp-content\/uploads\/2020\/07\/DSC_3081-300x200.jpg 300w, https:\/\/train-touristique-dieppe.fr\/wp-content\/uploads\/2020\/07\/DSC_3081-1024x681.jpg 1024w\" data-aspect=\"\" \/><\/figure>\t\t\n\t\t<div class=\"ld-media-item-overlay d-flex flex-column text-center align-items-center justify-content-center\">\n\n\t\t\t<div class=\"ld-media-bg\"><\/div>\n\n\t\t\t<div class=\"ld-media-content\">\n\t\t\t\t\t\t\t\t<span class=\"ld-media-icon icon-lg\">\n\t\t\t\t\t\t\t<span class=\"ld-media-icon-inner\">\n\t\t\t\t\t\t\t\t<i class=\"icon-ion-ios-add\"><\/i>\n\t\t\t\t\t\t\t<\/span><!-- \/.ld-media-icon-inner -->\n\t\t\t\t\t\t<\/span><!-- \/.media-icon -->\t\t\t<\/div><!-- \/.ld-media-content -->\n\n\t\t<\/div><!-- \/.ld-media-item-overlay -->\n\n\t\t<a  href=\"#\" class=\"liquid-overlay-link\"><\/a>\n\t<\/div><!-- \/.ld-media-item -->\n\n<\/div><!-- \/.col-md-3 -->\n<div id=\"ld_media_element_6a05c70b2c418\" class=\"vc_col-sm-4 masonry-item text-center align-items-center ld_media_element_6a05c70b2c418\">\n\n\t<div class=\"ld-media-item \">\n\n\t\t<figure class=\"bg-center-top\" data-responsive-bg=\"true\"><img loading=\"lazy\" decoding=\"async\" width=\"2560\" height=\"1702\" src=\"data:image\/svg+xml;charset=utf-8,&lt;svg xmlns%3D&#039;http%3A%2F%2Fwww.w3.org%2F2000%2Fsvg&#039; viewBox%3D&#039;0 0  &#039;%2F&gt;\" class=\"attachment-full size-full ld-lazyload\" alt=\"\" srcset=\"\" sizes=\"auto, (max-width: 2560px) 100vw, 2560px\" data-src=\"https:\/\/train-touristique-dieppe.fr\/wp-content\/uploads\/2020\/07\/DSC_2999-scaled.jpg\" data-srcset=\"https:\/\/train-touristique-dieppe.fr\/wp-content\/uploads\/2020\/07\/DSC_2999-scaled.jpg 2560w, https:\/\/train-touristique-dieppe.fr\/wp-content\/uploads\/2020\/07\/DSC_2999-300x200.jpg 300w, https:\/\/train-touristique-dieppe.fr\/wp-content\/uploads\/2020\/07\/DSC_2999-1024x681.jpg 1024w\" data-aspect=\"\" \/><\/figure>\t\t\n\t\t<div class=\"ld-media-item-overlay d-flex flex-column text-center align-items-center justify-content-center\">\n\n\t\t\t<div class=\"ld-media-bg\"><\/div>\n\n\t\t\t<div class=\"ld-media-content\">\n\t\t\t\t\t\t\t\t<span class=\"ld-media-icon icon-lg\">\n\t\t\t\t\t\t\t<span class=\"ld-media-icon-inner\">\n\t\t\t\t\t\t\t\t<i class=\"icon-ion-ios-add\"><\/i>\n\t\t\t\t\t\t\t<\/span><!-- \/.ld-media-icon-inner -->\n\t\t\t\t\t\t<\/span><!-- \/.media-icon -->\t\t\t<\/div><!-- \/.ld-media-content -->\n\n\t\t<\/div><!-- \/.ld-media-item-overlay -->\n\n\t\t<a  href=\"#\" class=\"liquid-overlay-link\"><\/a>\n\t<\/div><!-- \/.ld-media-item -->\n\n<\/div><!-- \/.col-md-3 -->\n<div id=\"ld_media_element_6a05c70b30ea9\" class=\"vc_col-sm-4 masonry-item text-center align-items-center ld_media_element_6a05c70b30ea9\">\n\n\t<div class=\"ld-media-item \">\n\n\t\t<figure class=\"bg-center-top\" data-responsive-bg=\"true\"><img loading=\"lazy\" decoding=\"async\" width=\"2560\" height=\"1707\" src=\"data:image\/svg+xml;charset=utf-8,&lt;svg xmlns%3D&#039;http%3A%2F%2Fwww.w3.org%2F2000%2Fsvg&#039; viewBox%3D&#039;0 0  &#039;%2F&gt;\" class=\"attachment-full size-full ld-lazyload\" alt=\"\" srcset=\"\" sizes=\"auto, (max-width: 2560px) 100vw, 2560px\" data-src=\"https:\/\/train-touristique-dieppe.fr\/wp-content\/uploads\/2020\/07\/DSC_2904-scaled.jpg\" data-srcset=\"https:\/\/train-touristique-dieppe.fr\/wp-content\/uploads\/2020\/07\/DSC_2904-scaled.jpg 2560w, https:\/\/train-touristique-dieppe.fr\/wp-content\/uploads\/2020\/07\/DSC_2904-300x200.jpg 300w, https:\/\/train-touristique-dieppe.fr\/wp-content\/uploads\/2020\/07\/DSC_2904-1024x683.jpg 1024w\" data-aspect=\"\" \/><\/figure>\t\t\n\t\t<div class=\"ld-media-item-overlay d-flex flex-column text-center align-items-center justify-content-center\">\n\n\t\t\t<div class=\"ld-media-bg\"><\/div>\n\n\t\t\t<div class=\"ld-media-content\">\n\t\t\t\t\t\t\t\t<span class=\"ld-media-icon icon-lg\">\n\t\t\t\t\t\t\t<span class=\"ld-media-icon-inner\">\n\t\t\t\t\t\t\t\t<i class=\"icon-ion-ios-add\"><\/i>\n\t\t\t\t\t\t\t<\/span><!-- \/.ld-media-icon-inner -->\n\t\t\t\t\t\t<\/span><!-- \/.media-icon -->\t\t\t<\/div><!-- \/.ld-media-content -->\n\n\t\t<\/div><!-- \/.ld-media-item-overlay -->\n\n\t\t<a  href=\"#\" class=\"liquid-overlay-link\"><\/a>\n\t<\/div><!-- \/.ld-media-item -->\n\n<\/div><!-- \/.col-md-3 -->\n<div id=\"ld_media_element_6a05c70b377dc\" class=\"vc_col-sm-4 masonry-item text-center align-items-center ld_media_element_6a05c70b377dc\">\n\n\t<div class=\"ld-media-item \">\n\n\t\t<figure class=\"bg-center-top\" data-responsive-bg=\"true\"><img loading=\"lazy\" decoding=\"async\" width=\"2560\" height=\"1920\" src=\"data:image\/svg+xml;charset=utf-8,&lt;svg xmlns%3D&#039;http%3A%2F%2Fwww.w3.org%2F2000%2Fsvg&#039; viewBox%3D&#039;0 0  &#039;%2F&gt;\" class=\"attachment-full size-full ld-lazyload\" alt=\"Train quai henri IV dieppe\" srcset=\"\" sizes=\"auto, (max-width: 2560px) 100vw, 2560px\" data-src=\"https:\/\/train-touristique-dieppe.fr\/wp-content\/uploads\/2020\/07\/DSC_2896-scaled.jpg\" data-srcset=\"https:\/\/train-touristique-dieppe.fr\/wp-content\/uploads\/2020\/07\/DSC_2896-scaled.jpg 2560w, https:\/\/train-touristique-dieppe.fr\/wp-content\/uploads\/2020\/07\/DSC_2896-300x225.jpg 300w, https:\/\/train-touristique-dieppe.fr\/wp-content\/uploads\/2020\/07\/DSC_2896-1024x768.jpg 1024w, https:\/\/train-touristique-dieppe.fr\/wp-content\/uploads\/2020\/07\/DSC_2896-scaled-600x450.jpg 600w\" data-aspect=\"\" \/><\/figure>\t\t\n\t\t<div class=\"ld-media-item-overlay d-flex flex-column text-center align-items-center justify-content-center\">\n\n\t\t\t<div class=\"ld-media-bg\"><\/div>\n\n\t\t\t<div class=\"ld-media-content\">\n\t\t\t\t\t\t\t\t<span class=\"ld-media-icon icon-lg\">\n\t\t\t\t\t\t\t<span class=\"ld-media-icon-inner\">\n\t\t\t\t\t\t\t\t<i class=\"icon-ion-ios-add\"><\/i>\n\t\t\t\t\t\t\t<\/span><!-- \/.ld-media-icon-inner -->\n\t\t\t\t\t\t<\/span><!-- \/.media-icon -->\t\t\t<\/div><!-- \/.ld-media-content -->\n\n\t\t<\/div><!-- \/.ld-media-item-overlay -->\n\n\t\t<a  href=\"#\" class=\"liquid-overlay-link\"><\/a>\n\t<\/div><!-- \/.ld-media-item -->\n\n<\/div><!-- \/.col-md-3 -->\n<div id=\"ld_media_element_6a05c70b3c203\" class=\"vc_col-sm-4 masonry-item text-center align-items-center ld_media_element_6a05c70b3c203\">\n\n\t<div class=\"ld-media-item \">\n\n\t\t<figure class=\"bg-center-top\" data-responsive-bg=\"true\"><img loading=\"lazy\" decoding=\"async\" width=\"2560\" height=\"2560\" src=\"data:image\/svg+xml;charset=utf-8,&lt;svg xmlns%3D&#039;http%3A%2F%2Fwww.w3.org%2F2000%2Fsvg&#039; viewBox%3D&#039;0 0  &#039;%2F&gt;\" class=\"attachment-full size-full ld-lazyload\" alt=\"\" srcset=\"\" sizes=\"auto, (max-width: 2560px) 100vw, 2560px\" data-src=\"https:\/\/train-touristique-dieppe.fr\/wp-content\/uploads\/2020\/07\/DSC_2721-scaled.jpg\" data-srcset=\"https:\/\/train-touristique-dieppe.fr\/wp-content\/uploads\/2020\/07\/DSC_2721-scaled.jpg 2560w, https:\/\/train-touristique-dieppe.fr\/wp-content\/uploads\/2020\/07\/DSC_2721-scaled-300x300.jpg 300w, https:\/\/train-touristique-dieppe.fr\/wp-content\/uploads\/2020\/07\/DSC_2721-1024x1024.jpg 1024w, https:\/\/train-touristique-dieppe.fr\/wp-content\/uploads\/2020\/07\/DSC_2721-150x150.jpg 150w\" data-aspect=\"\" \/><\/figure>\t\t\n\t\t<div class=\"ld-media-item-overlay d-flex flex-column text-center align-items-center justify-content-center\">\n\n\t\t\t<div class=\"ld-media-bg\"><\/div>\n\n\t\t\t<div class=\"ld-media-content\">\n\t\t\t\t\t\t\t\t<span class=\"ld-media-icon icon-lg\">\n\t\t\t\t\t\t\t<span class=\"ld-media-icon-inner\">\n\t\t\t\t\t\t\t\t<i class=\"icon-ion-ios-add\"><\/i>\n\t\t\t\t\t\t\t<\/span><!-- \/.ld-media-icon-inner -->\n\t\t\t\t\t\t<\/span><!-- \/.media-icon -->\t\t\t<\/div><!-- \/.ld-media-content -->\n\n\t\t<\/div><!-- \/.ld-media-item-overlay -->\n\n\t\t<a  href=\"#\" class=\"liquid-overlay-link\"><\/a>\n\t<\/div><!-- \/.ld-media-item -->\n\n<\/div><!-- \/.col-md-3 -->\n<div id=\"ld_media_element_6a05c70b40b2e\" class=\"vc_col-sm-4 masonry-item text-center align-items-center ld_media_element_6a05c70b40b2e\">\n\n\t<div class=\"ld-media-item \">\n\n\t\t<figure class=\"bg-center-top\" data-responsive-bg=\"true\"><img loading=\"lazy\" decoding=\"async\" width=\"2560\" height=\"1707\" src=\"data:image\/svg+xml;charset=utf-8,&lt;svg xmlns%3D&#039;http%3A%2F%2Fwww.w3.org%2F2000%2Fsvg&#039; viewBox%3D&#039;0 0  &#039;%2F&gt;\" class=\"attachment-full size-full ld-lazyload\" alt=\"\" srcset=\"\" sizes=\"auto, (max-width: 2560px) 100vw, 2560px\" data-src=\"https:\/\/train-touristique-dieppe.fr\/wp-content\/uploads\/2020\/07\/DSC_3485-scaled.jpg\" data-srcset=\"https:\/\/train-touristique-dieppe.fr\/wp-content\/uploads\/2020\/07\/DSC_3485-scaled.jpg 2560w, https:\/\/train-touristique-dieppe.fr\/wp-content\/uploads\/2020\/07\/DSC_3485-300x200.jpg 300w, https:\/\/train-touristique-dieppe.fr\/wp-content\/uploads\/2020\/07\/DSC_3485-1024x683.jpg 1024w, https:\/\/train-touristique-dieppe.fr\/wp-content\/uploads\/2020\/07\/DSC_3485-scaled-600x400.jpg 600w\" data-aspect=\"\" \/><\/figure>\t\t\n\t\t<div class=\"ld-media-item-overlay d-flex flex-column text-center align-items-center justify-content-center\">\n\n\t\t\t<div class=\"ld-media-bg\"><\/div>\n\n\t\t\t<div class=\"ld-media-content\">\n\t\t\t\t\t\t\t\t<span class=\"ld-media-icon icon-lg\">\n\t\t\t\t\t\t\t<span class=\"ld-media-icon-inner\">\n\t\t\t\t\t\t\t\t<i class=\"icon-ion-ios-add\"><\/i>\n\t\t\t\t\t\t\t<\/span><!-- \/.ld-media-icon-inner -->\n\t\t\t\t\t\t<\/span><!-- \/.media-icon -->\t\t\t<\/div><!-- \/.ld-media-content -->\n\n\t\t<\/div><!-- \/.ld-media-item-overlay -->\n\n\t\t<a  href=\"#\" class=\"liquid-overlay-link\"><\/a>\n\t<\/div><!-- \/.ld-media-item -->\n\n<\/div><!-- \/.col-md-3 --><\/p>\n<\/div><!-- \/.ld-media-row -->\n\n\n[\/vc_column][\/vc_row]\n","protected":false},"excerpt":{"rendered":"<p>[vc_row css=\u00a0\u00bb.vc_custom_1538079818493{padding-top: 110px !important;padding-bottom: 110px !important;background-color: #f7f7f7 !important;}\u00a0\u00bb][vc_column enable_content_animation=\u00a0\u00bbyes\u00a0\u00bb ca_init_scale_x=\u00a0\u00bb1&Prime; ca_init_scale_y=\u00a0\u00bb1&Prime; ca_init_scale_z=\u00a0\u00bb1&Prime; ca_init_opacity=\u00a0\u00bb0&Prime; ca_an_scale_x=\u00a0\u00bb1&Prime; ca_an_scale_y=\u00a0\u00bb1&Prime;&#8230;<\/p>\n","protected":false},"author":1,"featured_media":0,"parent":0,"menu_order":0,"comment_status":"closed","ping_status":"closed","template":"","meta":{"_monsterinsights_skip_tracking":false,"_monsterinsights_sitenote_active":false,"_monsterinsights_sitenote_note":"","_monsterinsights_sitenote_category":0,"footnotes":""},"class_list":["post-2390","page","type-page","status-publish","hentry"],"_links":{"self":[{"href":"https:\/\/train-touristique-dieppe.fr\/index.php\/wp-json\/wp\/v2\/pages\/2390","targetHints":{"allow":["GET"]}}],"collection":[{"href":"https:\/\/train-touristique-dieppe.fr\/index.php\/wp-json\/wp\/v2\/pages"}],"about":[{"href":"https:\/\/train-touristique-dieppe.fr\/index.php\/wp-json\/wp\/v2\/types\/page"}],"author":[{"embeddable":true,"href":"https:\/\/train-touristique-dieppe.fr\/index.php\/wp-json\/wp\/v2\/users\/1"}],"replies":[{"embeddable":true,"href":"https:\/\/train-touristique-dieppe.fr\/index.php\/wp-json\/wp\/v2\/comments?post=2390"}],"version-history":[{"count":11,"href":"https:\/\/train-touristique-dieppe.fr\/index.php\/wp-json\/wp\/v2\/pages\/2390\/revisions"}],"predecessor-version":[{"id":4661,"href":"https:\/\/train-touristique-dieppe.fr\/index.php\/wp-json\/wp\/v2\/pages\/2390\/revisions\/4661"}],"wp:attachment":[{"href":"https:\/\/train-touristique-dieppe.fr\/index.php\/wp-json\/wp\/v2\/media?parent=2390"}],"curies":[{"name":"wp","href":"https:\/\/api.w.org\/{rel}","templated":true}]}}